{"id":3027,"date":"2011-05-11T10:02:36","date_gmt":"2011-05-11T10:02:36","guid":{"rendered":"https:\/\/puertasryst.es\/flood-barriers-2\/"},"modified":"2011-05-11T10:02:36","modified_gmt":"2011-05-11T10:02:36","slug":"flood-barriers-2","status":"publish","type":"page","link":"https:\/\/puertasryst.es\/en\/flood-barriers-2\/","title":{"rendered":"Flood barriers"},"content":{"rendered":"<p><img decoding=\"async\" src=\"\/sites\/all\/files\/barreras.jpg\" alt=\"Barreras insertables port\u00e1tiles, barreras estacionarias, manuales o autom\u00e1ticas. Montaje extrad\u00f3s, desplazable en altura (vertical), montaje intrad\u00f3s, pivotable, apilable, pivotable y paricalmente abatible, dentro de locales, en el terreno, pivotable por los dos lados y orientable horizontalmente.\" \/><br \/>\n<!--more--><br \/>\n<img decoding=\"async\" src=\"\/sites\/all\/files\/barreras.jpg\" alt=\"Barreras insertables port\u00e1tiles, barreras estacionarias, manuales o autom\u00e1ticas. Montaje extrad\u00f3s, desplazable en altura (vertical), montaje intrad\u00f3s, pivotable, apilable, pivotable y paricalmente abatible, dentro de locales, en el terreno, pivotable por los dos lados y orientable horizontalmente.\" \/><\/p>\n","protected":false},"excerpt":{"rendered":"","protected":false},"author":2,"featured_media":0,"parent":0,"menu_order":0,"comment_status":"closed","ping_status":"closed","template":"","meta":{"footnotes":""},"class_list":["post-3027","page","type-page","status-publish","hentry","entry","no-media"],"yoast_head":"<!-- This site is optimized with the Yoast SEO plugin v27.3 - https:\/\/yoast.com\/product\/yoast-seo-wordpress\/ -->\n<title>Flood barriers - Puertas RYST<\/title>\n<meta name=\"robots\" content=\"index, follow, max-snippet:-1, max-image-preview:large, max-video-preview:-1\" \/>\n<link rel=\"canonical\" href=\"https:\/\/puertasryst.es\/flood-barriers-2\/\" \/>\n<meta property=\"og:locale\" content=\"en_US\" \/>\n<meta property=\"og:type\" content=\"article\" \/>\n<meta property=\"og:title\" content=\"Flood barriers - Puertas RYST\" \/>\n<meta property=\"og:url\" content=\"https:\/\/puertasryst.es\/flood-barriers-2\/\" \/>\n<meta property=\"og:site_name\" content=\"Puertas RYST\" \/>\n<meta name=\"twitter:card\" content=\"summary_large_image\" \/>\n<script type=\"application\/ld+json\" class=\"yoast-schema-graph\">{\"@context\":\"https:\\\/\\\/schema.org\",\"@graph\":[{\"@type\":\"WebPage\",\"@id\":\"https:\\\/\\\/puertasryst.es\\\/flood-barriers-2\\\/\",\"url\":\"https:\\\/\\\/puertasryst.es\\\/flood-barriers-2\\\/\",\"name\":\"Flood barriers - Puertas RYST\",\"isPartOf\":{\"@id\":\"https:\\\/\\\/puertasryst.es\\\/#website\"},\"datePublished\":\"2011-05-11T10:02:36+00:00\",\"breadcrumb\":{\"@id\":\"https:\\\/\\\/puertasryst.es\\\/flood-barriers-2\\\/#breadcrumb\"},\"inLanguage\":\"en-US\",\"potentialAction\":[{\"@type\":\"ReadAction\",\"target\":[\"https:\\\/\\\/puertasryst.es\\\/flood-barriers-2\\\/\"]}]},{\"@type\":\"BreadcrumbList\",\"@id\":\"https:\\\/\\\/puertasryst.es\\\/flood-barriers-2\\\/#breadcrumb\",\"itemListElement\":[{\"@type\":\"ListItem\",\"position\":1,\"name\":\"Portada\",\"item\":\"https:\\\/\\\/puertasryst.es\\\/en\\\/\"},{\"@type\":\"ListItem\",\"position\":2,\"name\":\"Flood barriers\"}]},{\"@type\":\"WebSite\",\"@id\":\"https:\\\/\\\/puertasryst.es\\\/#website\",\"url\":\"https:\\\/\\\/puertasryst.es\\\/\",\"name\":\"Puertas RYST\",\"description\":\"Puertas cortafuegos, antiexplosi\u00f3n, especiales y enrollables. Barreras contra inundaciones.\",\"publisher\":{\"@id\":\"https:\\\/\\\/puertasryst.es\\\/#organization\"},\"potentialAction\":[{\"@type\":\"SearchAction\",\"target\":{\"@type\":\"EntryPoint\",\"urlTemplate\":\"https:\\\/\\\/puertasryst.es\\\/?s={search_term_string}\"},\"query-input\":{\"@type\":\"PropertyValueSpecification\",\"valueRequired\":true,\"valueName\":\"search_term_string\"}}],\"inLanguage\":\"en-US\"},{\"@type\":\"Organization\",\"@id\":\"https:\\\/\\\/puertasryst.es\\\/#organization\",\"name\":\"Puertas Ryst\",\"url\":\"https:\\\/\\\/puertasryst.es\\\/\",\"logo\":{\"@type\":\"ImageObject\",\"inLanguage\":\"en-US\",\"@id\":\"https:\\\/\\\/puertasryst.es\\\/#\\\/schema\\\/logo\\\/image\\\/\",\"url\":\"https:\\\/\\\/puertasryst.es\\\/wp-content\\\/uploads\\\/2018\\\/05\\\/logo-ryst-web-small.jpg\",\"contentUrl\":\"https:\\\/\\\/puertasryst.es\\\/wp-content\\\/uploads\\\/2018\\\/05\\\/logo-ryst-web-small.jpg\",\"width\":\"150\",\"height\":\"36\",\"caption\":\"Puertas Ryst\"},\"image\":{\"@id\":\"https:\\\/\\\/puertasryst.es\\\/#\\\/schema\\\/logo\\\/image\\\/\"}}]}<\/script>\n<!-- \/ Yoast SEO plugin. -->","yoast_head_json":{"title":"Flood barriers - Puertas RYST","robots":{"index":"index","follow":"follow","max-snippet":"max-snippet:-1","max-image-preview":"max-image-preview:large","max-video-preview":"max-video-preview:-1"},"canonical":"https:\/\/puertasryst.es\/flood-barriers-2\/","og_locale":"en_US","og_type":"article","og_title":"Flood barriers - Puertas RYST","og_url":"https:\/\/puertasryst.es\/flood-barriers-2\/","og_site_name":"Puertas RYST","twitter_card":"summary_large_image","schema":{"@context":"https:\/\/schema.org","@graph":[{"@type":"WebPage","@id":"https:\/\/puertasryst.es\/flood-barriers-2\/","url":"https:\/\/puertasryst.es\/flood-barriers-2\/","name":"Flood barriers - Puertas RYST","isPartOf":{"@id":"https:\/\/puertasryst.es\/#website"},"datePublished":"2011-05-11T10:02:36+00:00","breadcrumb":{"@id":"https:\/\/puertasryst.es\/flood-barriers-2\/#breadcrumb"},"inLanguage":"en-US","potentialAction":[{"@type":"ReadAction","target":["https:\/\/puertasryst.es\/flood-barriers-2\/"]}]},{"@type":"BreadcrumbList","@id":"https:\/\/puertasryst.es\/flood-barriers-2\/#breadcrumb","itemListElement":[{"@type":"ListItem","position":1,"name":"Portada","item":"https:\/\/puertasryst.es\/en\/"},{"@type":"ListItem","position":2,"name":"Flood barriers"}]},{"@type":"WebSite","@id":"https:\/\/puertasryst.es\/#website","url":"https:\/\/puertasryst.es\/","name":"Puertas RYST","description":"Puertas cortafuegos, antiexplosi\u00f3n, especiales y enrollables. Barreras contra inundaciones.","publisher":{"@id":"https:\/\/puertasryst.es\/#organization"},"potentialAction":[{"@type":"SearchAction","target":{"@type":"EntryPoint","urlTemplate":"https:\/\/puertasryst.es\/?s={search_term_string}"},"query-input":{"@type":"PropertyValueSpecification","valueRequired":true,"valueName":"search_term_string"}}],"inLanguage":"en-US"},{"@type":"Organization","@id":"https:\/\/puertasryst.es\/#organization","name":"Puertas Ryst","url":"https:\/\/puertasryst.es\/","logo":{"@type":"ImageObject","inLanguage":"en-US","@id":"https:\/\/puertasryst.es\/#\/schema\/logo\/image\/","url":"https:\/\/puertasryst.es\/wp-content\/uploads\/2018\/05\/logo-ryst-web-small.jpg","contentUrl":"https:\/\/puertasryst.es\/wp-content\/uploads\/2018\/05\/logo-ryst-web-small.jpg","width":"150","height":"36","caption":"Puertas Ryst"},"image":{"@id":"https:\/\/puertasryst.es\/#\/schema\/logo\/image\/"}}]}},"_links":{"self":[{"href":"https:\/\/puertasryst.es\/en\/wp-json\/wp\/v2\/pages\/3027","targetHints":{"allow":["GET"]}}],"collection":[{"href":"https:\/\/puertasryst.es\/en\/wp-json\/wp\/v2\/pages"}],"about":[{"href":"https:\/\/puertasryst.es\/en\/wp-json\/wp\/v2\/types\/page"}],"author":[{"embeddable":true,"href":"https:\/\/puertasryst.es\/en\/wp-json\/wp\/v2\/users\/2"}],"replies":[{"embeddable":true,"href":"https:\/\/puertasryst.es\/en\/wp-json\/wp\/v2\/comments?post=3027"}],"version-history":[{"count":0,"href":"https:\/\/puertasryst.es\/en\/wp-json\/wp\/v2\/pages\/3027\/revisions"}],"wp:attachment":[{"href":"https:\/\/puertasryst.es\/en\/wp-json\/wp\/v2\/media?parent=3027"}],"curies":[{"name":"wp","href":"https:\/\/api.w.org\/{rel}","templated":true}]}}